{"id":6758,"date":"2025-09-28T09:56:08","date_gmt":"2025-09-28T12:56:08","guid":{"rendered":"https:\/\/rearte.com.br\/museu\/?page_id=6758"},"modified":"2026-02-14T07:26:50","modified_gmt":"2026-02-14T10:26:50","slug":"museu-rearte","status":"publish","type":"page","link":"https:\/\/rearte.com.br\/museu\/","title":{"rendered":"Museu ReArte"},"content":{"rendered":"\n<div class=\"wp-block-group is-layout-constrained wp-block-group-is-layout-constrained\">\n<h2 class=\"wp-block-heading\"><strong>Boas-vindas ao Museu da ReArte<\/strong><\/h2>\n\n\n\n<p>Aqui, o territ\u00f3rio \u00e9 o museu. Nossas exposi\u00e7\u00f5es, oficinas e interven\u00e7\u00f5es art\u00edsticas celebram a diversidade cultural do <strong>Circuito das \u00c1guas Paulista<\/strong>, unindo tradi\u00e7\u00e3o e inova\u00e7\u00e3o.<br>Explore nosso acervo online, participe de atividades presenciais e descubra como arte, mem\u00f3ria e tecnologia podem transformar a forma de ver o mundo.<\/p>\n\n\n\n<h2 class=\"wp-block-heading\"><strong>ReArte \u2013 Museu-Territ\u00f3rio do Circuito das \u00c1guas Paulista<\/strong><\/h2>\n\n\n\n<p>Somos uma resid\u00eancia art\u00edstica e espa\u00e7o cultural localizado em Serra Negra\/SP, que se transforma em <strong>Museu-Territ\u00f3rio<\/strong>, conectando arte contempor\u00e2nea, mem\u00f3ria local e tecnologia. <br>Nosso acervo \u00e9 vivo e colaborativo, formado por obras emprestadas por artistas residentes, fotografias hist\u00f3ricas e registros da comunidade. <br>Atuamos com princ\u00edpios da <strong>Museologia Socia<\/strong>l, promovendo inclus\u00e3o, acessibilidade (com \u00eanfase em audiodescri\u00e7\u00e3o) e participa\u00e7\u00e3o cidad\u00e3, para que o patrim\u00f4nio cultural seja experimentado como um bem coletivo.<\/p>\n\n\n\n<p><strong>Saiba mais:<\/strong><\/p>\n\n\n\n<p><strong><a href=\"https:\/\/rearte.com.br\/museu\/plano-museologico\/\" data-type=\"link\" data-id=\"https:\/\/rearte.com.br\/museu\/plano-museologico\/\" target=\"_blank\" rel=\"noreferrer noopener\">Plano Museol\u00f3gico<\/a><\/strong><\/p>\n\n\n\n<p><strong><a href=\"https:\/\/rearte.com.br\/museu\/certificado-de-museu-cadastrado\/\" target=\"_blank\" data-type=\"link\" data-id=\"https:\/\/rearte.com.br\/museu\/certificado-de-museu-cadastrado\/\" rel=\"noreferrer noopener\">Reconhecimento &#8211; Minist\u00e9rio da Cultura &#8211; IBRAM<\/a><\/strong><\/p>\n\n\n\n<p><strong><a href=\"https:\/\/rearte.com.br\/museu\/cid_serra_negra\/index.html?start=true\" target=\"_blank\" rel=\"noreferrer noopener\">Cid Serra Negra &#8211; Obras (com audiodescri\u00e7\u00e3o)<\/a><\/strong><\/p>\n<\/div>\n\n\n\n<div class=\"wp-block-tainacan-collections-list\" data-module=\"collections-list\"><ul style=\"grid-template-columns:repeat(auto-fill, 220px)\" class=\"collections-list  collections-layout-grid\"><li class=\"collection-list-item\" style=\"margin-bottom:12px\"><button type=\"button\" class=\"components-button has-icon\" aria-label=\"Remover\"><span class=\"dashicon dashicons dashicons-no-alt\"><\/span><\/button><a id=\"collection-id-6190\" href=\"https:\/\/rearte.com.br\/museu\/cartoes-postais-2a-guerra-mundial\/\" class=\" \"><img decoding=\"async\" src=\"https:\/\/archive.org\/download\/cartoes-postais-2a-guerra-mundial\/Postal%20%2818%29.jpg\" alt=\"Cole\u00e7\u00e3o de Cart\u00f5es Postais de Ari Vieira na Campanha da It\u00e1lia (1944-1945)\"\/><span>Cole\u00e7\u00e3o de Cart\u00f5es Postais de Ari Vieira na Campanha da It\u00e1lia (1944-1945)<\/span><\/a><\/li><li class=\"collection-list-item\" style=\"margin-bottom:12px\"><button type=\"button\" class=\"components-button has-icon\" aria-label=\"Remover\"><span class=\"dashicon dashicons dashicons-no-alt\"><\/span><\/button><a id=\"collection-id-6774\" href=\"https:\/\/rearte.com.br\/museu\/acervo-documental-e-iconografico-do-pracinha-ari-vieira-feb\/\" class=\" \"><img decoding=\"async\" src=\"https:\/\/archive.org\/download\/livro-feb\/Acervo%20Documental%20e%20Iconogr%C3%A1fico%20do%20Pracinha%20Ari%20Vieira%20%28FEB%29\/Imagens\/Capa_Colecao_Livro_FEB_220x220.jpg\" alt=\"Acervo Documental e Iconogr\u00e1fico do Pracinha Ari Vieira (FEB)\"\/><span>Acervo Documental e Iconogr\u00e1fico do Pracinha Ari Vieira (FEB)<\/span><\/a><\/li><\/ul><\/div>\n","protected":false},"excerpt":{"rendered":"<p>Boas-vindas ao Museu da ReArte Aqui, o territ\u00f3rio \u00e9 o museu. Nossas exposi\u00e7\u00f5es, oficinas e interven\u00e7\u00f5es art\u00edsticas celebram a diversidade cultural do Circuito das \u00c1guas Paulista, unindo tradi\u00e7\u00e3o e inova\u00e7\u00e3o.Explore nosso acervo online, participe de atividades presenciais e descubra como arte, mem\u00f3ria e tecnologia podem transformar a forma de ver o mundo. ReArte \u2013 Museu-Territ\u00f3rio [&hellip;]<\/p>\n","protected":false},"author":1,"featured_media":0,"parent":0,"menu_order":0,"comment_status":"closed","ping_status":"closed","template":"","meta":{"_sitemap_exclude":false,"_sitemap_priority":"","_sitemap_frequency":"","_daextrevo_audio_file_creation_date":"","_daextrevo_text_to_speech":"","_daextrevo_document_type":"","footnotes":""},"tnc_tax_6799":[],"tnc_tax_6188":[],"class_list":["post-6758","page","type-page","status-publish","hentry"],"_links":{"self":[{"href":"https:\/\/rearte.com.br\/museu\/wp-json\/wp\/v2\/pages\/6758","targetHints":{"allow":["GET"]}}],"collection":[{"href":"https:\/\/rearte.com.br\/museu\/wp-json\/wp\/v2\/pages"}],"about":[{"href":"https:\/\/rearte.com.br\/museu\/wp-json\/wp\/v2\/types\/page"}],"author":[{"embeddable":true,"href":"https:\/\/rearte.com.br\/museu\/wp-json\/wp\/v2\/users\/1"}],"replies":[{"embeddable":true,"href":"https:\/\/rearte.com.br\/museu\/wp-json\/wp\/v2\/comments?post=6758"}],"version-history":[{"count":15,"href":"https:\/\/rearte.com.br\/museu\/wp-json\/wp\/v2\/pages\/6758\/revisions"}],"predecessor-version":[{"id":7023,"href":"https:\/\/rearte.com.br\/museu\/wp-json\/wp\/v2\/pages\/6758\/revisions\/7023"}],"wp:attachment":[{"href":"https:\/\/rearte.com.br\/museu\/wp-json\/wp\/v2\/media?parent=6758"}],"wp:term":[{"taxonomy":"tnc_tax_6799","embeddable":true,"href":"https:\/\/rearte.com.br\/museu\/wp-json\/wp\/v2\/tnc_tax_6799?post=6758"},{"taxonomy":"tnc_tax_6188","embeddable":true,"href":"https:\/\/rearte.com.br\/museu\/wp-json\/wp\/v2\/tnc_tax_6188?post=6758"}],"curies":[{"name":"wp","href":"https:\/\/api.w.org\/{rel}","templated":true}]}}